{"id":20567,"date":"2025-11-23T15:32:47","date_gmt":"2025-11-23T14:32:47","guid":{"rendered":"https:\/\/dachzeltmomente.ch\/?post_type=product&#038;p=20567"},"modified":"2026-03-03T14:54:39","modified_gmt":"2026-03-03T13:54:39","slug":"station-dalimentation-intelligente-600w-xtreme-power-2","status":"publish","type":"product","link":"https:\/\/dachzeltmomente.ch\/fr\/produkt\/station-dalimentation-intelligente-600w-xtreme-power-2\/","title":{"rendered":"Station d&rsquo;alimentation intelligente 600W &#8211; Xtreme Power 2"},"content":{"rendered":"<p>[et_pb_section fb_built=\u00a0\u00bb1&Prime; fullwidth=\u00a0\u00bbon\u00a0\u00bb _builder_version=\u00a0\u00bb4.16&Prime; global_colors_info=\u00a0\u00bb{}\u00a0\u00bb][et_pb_fullwidth_post_title meta=\u00a0\u00bboff\u00a0\u00bb featured_image=\u00a0\u00bboff\u00a0\u00bb _builder_version=\u00a0\u00bb4.27.4&Prime; title_text_color=\u00a0\u00bb#ffffff\u00a0\u00bb title_font_size=\u00a0\u00bb50px\u00a0\u00bb use_background_color_gradient=\u00a0\u00bbon\u00a0\u00bb background_color_gradient_direction=\u00a0\u00bb1deg\u00a0\u00bb background_color_gradient_stops=\u00a0\u00bb#000a09 0%|rgba(43,135,218,0) 100%\u00a0\u00bb background_color_gradient_overlays_image=\u00a0\u00bbon\u00a0\u00bb background_color_gradient_start=\u00a0\u00bb#000a09&Prime; background_color_gradient_end=\u00a0\u00bbrgba(43,135,218,0)\u00a0\u00bb background_image=\u00a0\u00bbhttps:\/\/dachzeltmomente.ch\/wp-content\/uploads\/2025\/11\/Xtorm_XP2W600_Campsite_20_1280x.webp\u00a0\u00bb text_orientation=\u00a0\u00bbcenter\u00a0\u00bb min_height=\u00a0\u00bb340.8px\u00a0\u00bb custom_padding=\u00a0\u00bb7vw||7vw||false|false\u00a0\u00bb title_text_shadow_style=\u00a0\u00bbpreset1&Prime; global_colors_info=\u00a0\u00bb{}\u00a0\u00bb][\/et_pb_fullwidth_post_title][\/et_pb_section][et_pb_section fb_built=\u00a0\u00bb1&Prime; _builder_version=\u00a0\u00bb4.16&Prime; background_color=\u00a0\u00bbrgba(193,193,170,0.27)\u00a0\u00bb custom_margin=\u00a0\u00bb-7px|||||\u00a0\u00bb custom_padding=\u00a0\u00bb22px||0px|||\u00a0\u00bb collapsed=\u00a0\u00bboff\u00a0\u00bb global_colors_info=\u00a0\u00bb{}\u00a0\u00bb][et_pb_row _builder_version=\u00a0\u00bb4.16&Prime; custom_margin=\u00a0\u00bb-30px||||false|false\u00a0\u00bb custom_padding=\u00a0\u00bb||0px|||\u00a0\u00bb global_colors_info=\u00a0\u00bb{}\u00a0\u00bb][et_pb_column type=\u00a0\u00bb4_4&Prime; _builder_version=\u00a0\u00bb4.16&Prime; global_colors_info=\u00a0\u00bb{}\u00a0\u00bb][et_pb_divider color=\u00a0\u00bb#474747&Prime; _builder_version=\u00a0\u00bb4.16&Prime; custom_margin=\u00a0\u00bb-13px||-3px|||\u00a0\u00bb global_colors_info=\u00a0\u00bb{}\u00a0\u00bb][\/et_pb_divider][et_pb_social_media_follow _builder_version=\u00a0\u00bb4.16&Prime; text_orientation=\u00a0\u00bbright\u00a0\u00bb custom_padding=\u00a0\u00bb||0px|||\u00a0\u00bb global_colors_info=\u00a0\u00bb{}\u00a0\u00bb][et_pb_social_media_follow_network social_network=\u00a0\u00bbfacebook\u00a0\u00bb url=\u00a0\u00bbhttps:\/\/www.facebook.com\/dachzeltmomente\u00a0\u00bb _builder_version=\u00a0\u00bb4.16&Prime; background_color=\u00a0\u00bb#7f674d\u00a0\u00bb background_enable_color=\u00a0\u00bbon\u00a0\u00bb global_colors_info=\u00a0\u00bb{}\u00a0\u00bb follow_button=\u00a0\u00bboff\u00a0\u00bb url_new_window=\u00a0\u00bbon\u00a0\u00bb]facebook[\/et_pb_social_media_follow_network][et_pb_social_media_follow_network social_network=\u00a0\u00bbinstagram\u00a0\u00bb url=\u00a0\u00bbhttps:\/\/www.instagram.com\/dachzelt_momente\/\u00a0\u00bb _builder_version=\u00a0\u00bb4.16&Prime; background_color=\u00a0\u00bb#918d75&Prime; background_enable_color=\u00a0\u00bbon\u00a0\u00bb global_colors_info=\u00a0\u00bb{}\u00a0\u00bb follow_button=\u00a0\u00bboff\u00a0\u00bb url_new_window=\u00a0\u00bbon\u00a0\u00bb]instagram[\/et_pb_social_media_follow_network][\/et_pb_social_media_follow][\/et_pb_column][\/et_pb_row][et_pb_row _builder_version=\u00a0\u00bb4.16&Prime; background_enable_color=\u00a0\u00bboff\u00a0\u00bb custom_padding=\u00a0\u00bb1px||23px|||\u00a0\u00bb collapsed=\u00a0\u00bbon\u00a0\u00bb global_colors_info=\u00a0\u00bb{}\u00a0\u00bb][et_pb_column type=\u00a0\u00bb4_4&Prime; _builder_version=\u00a0\u00bb4.16&Prime; global_colors_info=\u00a0\u00bb{}\u00a0\u00bb][et_pb_menu menu_style=\u00a0\u00bbcentered\u00a0\u00bb show_cart_icon=\u00a0\u00bbon\u00a0\u00bb show_search_icon=\u00a0\u00bbon\u00a0\u00bb cart_icon_color=\u00a0\u00bb#474747&Prime; search_icon_color=\u00a0\u00bb#474747&Prime; menu_icon_color=\u00a0\u00bb#474747&Prime; cart_icon_font_size=\u00a0\u00bb20px\u00a0\u00bb search_icon_font_size=\u00a0\u00bb18px\u00a0\u00bb admin_label=\u00a0\u00bbMenu-1&Prime; _builder_version=\u00a0\u00bb4.16&Prime; menu_font=\u00a0\u00bbAmatic SC|700|||||||\u00a0\u00bb menu_font_size=\u00a0\u00bb35px\u00a0\u00bb menu_letter_spacing=\u00a0\u00bb1px\u00a0\u00bb background_enable_color=\u00a0\u00bboff\u00a0\u00bb custom_margin=\u00a0\u00bb-39px||16px||false|false\u00a0\u00bb global_colors_info=\u00a0\u00bb{}\u00a0\u00bb][\/et_pb_menu][et_pb_divider color=\u00a0\u00bb#474747&Prime; _builder_version=\u00a0\u00bb4.16&Prime; min_height=\u00a0\u00bb27px\u00a0\u00bb custom_margin=\u00a0\u00bb||-26px|||\u00a0\u00bb custom_padding=\u00a0\u00bb||0px|||\u00a0\u00bb global_colors_info=\u00a0\u00bb{}\u00a0\u00bb][\/et_pb_divider][\/et_pb_column][\/et_pb_row][\/et_pb_section][et_pb_section fb_built=\u00a0\u00bb1&Prime; _builder_version=\u00a0\u00bb4.16&Prime; background_color=\u00a0\u00bbrgba(193,193,170,0.27)\u00a0\u00bb custom_margin=\u00a0\u00bb||0px||false|false\u00a0\u00bb custom_padding=\u00a0\u00bb0px||0px||false|false\u00a0\u00bb global_colors_info=\u00a0\u00bb{}\u00a0\u00bb][et_pb_row _builder_version=\u00a0\u00bb4.16&Prime; custom_padding=\u00a0\u00bb0px||0px|||\u00a0\u00bb global_colors_info=\u00a0\u00bb{}\u00a0\u00bb][et_pb_column type=\u00a0\u00bb4_4&Prime; _builder_version=\u00a0\u00bb4.16&Prime; global_colors_info=\u00a0\u00bb{}\u00a0\u00bb][et_pb_wc_cart_notice admin_label=\u00a0\u00bbWarenkorb Hinweis\u00a0\u00bb _builder_version=\u00a0\u00bb4.16&Prime; title_font=\u00a0\u00bbPoppins||||||||\u00a0\u00bb title_text_color=\u00a0\u00bb#3b484f\u00a0\u00bb background_color=\u00a0\u00bb#DDD2BE\u00a0\u00bb background_enable_image=\u00a0\u00bboff\u00a0\u00bb parallax=\u00a0\u00bbon\u00a0\u00bb custom_button=\u00a0\u00bbon\u00a0\u00bb button_text_size=\u00a0\u00bb14px\u00a0\u00bb button_text_color=\u00a0\u00bb#ffffff\u00a0\u00bb button_bg_color=\u00a0\u00bb#897b65&Prime; button_border_color=\u00a0\u00bb#897b65&Prime; button_border_radius=\u00a0\u00bb0px\u00a0\u00bb button_font=\u00a0\u00bbPoppins||||||||\u00a0\u00bb button_icon=\u00a0\u00bb\ue07a||divi||400&Prime; button_icon_placement=\u00a0\u00bbleft\u00a0\u00bb button_on_hover=\u00a0\u00bboff\u00a0\u00bb button_custom_padding=\u00a0\u00bb|||23px|false|false\u00a0\u00bb custom_margin=\u00a0\u00bb0em|0em|0em|0em|false|false\u00a0\u00bb body_font=\u00a0\u00bbPoppins||||||||\u00a0\u00bb body_text_color=\u00a0\u00bb#3b484f\u00a0\u00bb global_colors_info=\u00a0\u00bb{}\u00a0\u00bb][\/et_pb_wc_cart_notice][\/et_pb_column][\/et_pb_row][\/et_pb_section][et_pb_section fb_built=\u00a0\u00bb1&Prime; _builder_version=\u00a0\u00bb4.16&Prime; _module_preset=\u00a0\u00bbdefault\u00a0\u00bb background_color=\u00a0\u00bbrgba(193,193,170,0.27)\u00a0\u00bb custom_margin=\u00a0\u00bb||||false|false\u00a0\u00bb custom_padding=\u00a0\u00bb||0px|||\u00a0\u00bb global_colors_info=\u00a0\u00bb{}\u00a0\u00bb][et_pb_row column_structure=\u00a0\u00bb1_2,1_2&Prime; _builder_version=\u00a0\u00bb4.16&Prime; _module_preset=\u00a0\u00bbdefault\u00a0\u00bb min_height=\u00a0\u00bb771px\u00a0\u00bb global_colors_info=\u00a0\u00bb{}\u00a0\u00bb][et_pb_column type=\u00a0\u00bb1_2&Prime; _builder_version=\u00a0\u00bb4.16&Prime; _module_preset=\u00a0\u00bbdefault\u00a0\u00bb global_colors_info=\u00a0\u00bb{}\u00a0\u00bb][et_pb_wc_title admin_label=\u00a0\u00bbProdukt Titel\u00a0\u00bb _builder_version=\u00a0\u00bb4.16&Prime; custom_padding=\u00a0\u00bb||2px|||\u00a0\u00bb global_colors_info=\u00a0\u00bb{}\u00a0\u00bb][\/et_pb_wc_title][et_pb_wc_images admin_label=\u00a0\u00bbProdukt Bild\u00a0\u00bb _builder_version=\u00a0\u00bb4.16&Prime; min_height=\u00a0\u00bb710px\u00a0\u00bb custom_margin=\u00a0\u00bb|||5px|false|false\u00a0\u00bb custom_padding=\u00a0\u00bb31px|||||\u00a0\u00bb global_colors_info=\u00a0\u00bb{}\u00a0\u00bb][\/et_pb_wc_images][\/et_pb_column][et_pb_column type=\u00a0\u00bb1_2&Prime; _builder_version=\u00a0\u00bb4.16&Prime; _module_preset=\u00a0\u00bbdefault\u00a0\u00bb global_colors_info=\u00a0\u00bb{}\u00a0\u00bb][et_pb_text disabled_on=\u00a0\u00bbon|off|off\u00a0\u00bb _builder_version=\u00a0\u00bb4.16&Prime; _module_preset=\u00a0\u00bbdefault\u00a0\u00bb min_height=\u00a0\u00bb130.5px\u00a0\u00bb global_colors_info=\u00a0\u00bb{}\u00a0\u00bb]<\/p>\n<p>&nbsp;<\/p>\n<p>&nbsp;<\/p>\n<p>[\/et_pb_text][et_pb_wc_description admin_label=\u00a0\u00bbProdukt Beschreibung\u00a0\u00bb _builder_version=\u00a0\u00bb4.24.2&Prime; min_height=\u00a0\u00bb0px\u00a0\u00bb global_colors_info=\u00a0\u00bb{}\u00a0\u00bb][\/et_pb_wc_description][et_pb_wc_price admin_label=\u00a0\u00bbWoo Preis\u00a0\u00bb _builder_version=\u00a0\u00bb4.16&Prime; _module_preset=\u00a0\u00bbdefault\u00a0\u00bb body_text_color=\u00a0\u00bb#9BA685&Prime; body_font_size=\u00a0\u00bb20px\u00a0\u00bb global_colors_info=\u00a0\u00bb{}\u00a0\u00bb][\/et_pb_wc_price][et_pb_wc_add_to_cart show_quantity_last_edited=\u00a0\u00bboff|desktop\u00a0\u00bb admin_label=\u00a0\u00bbWarenkorb Button\u00a0\u00bb _builder_version=\u00a0\u00bb4.16&Prime; field_label_font=\u00a0\u00bbPoppins|600||on|||||\u00a0\u00bb dropdown_menus_font=\u00a0\u00bbPoppins|300|||||||\u00a0\u00bb dropdown_menus_font_size=\u00a0\u00bb14px\u00a0\u00bb custom_button=\u00a0\u00bbon\u00a0\u00bb button_text_size=\u00a0\u00bb14px\u00a0\u00bb button_text_color=\u00a0\u00bb#ffffff\u00a0\u00bb button_bg_color=\u00a0\u00bb#897b65&Prime; button_border_width=\u00a0\u00bb8px\u00a0\u00bb button_border_color=\u00a0\u00bb#897b65&Prime; button_border_radius=\u00a0\u00bb0px\u00a0\u00bb button_letter_spacing=\u00a0\u00bb2px\u00a0\u00bb button_font=\u00a0\u00bbPoppins|600||on|||||\u00a0\u00bb button_icon=\u00a0\u00bb&#xe07a;||divi||400&Prime; button_icon_placement=\u00a0\u00bbleft\u00a0\u00bb button_on_hover=\u00a0\u00bboff\u00a0\u00bb button_custom_margin=\u00a0\u00bb|||0px|false|false\u00a0\u00bb button_custom_padding=\u00a0\u00bb|||23px|false|false\u00a0\u00bb border_radii_fields=\u00a0\u00bbon|0px|0px|0px|0px\u00a0\u00bb body_font=\u00a0\u00bbPoppins|600||on|||||\u00a0\u00bb global_colors_info=\u00a0\u00bb{}\u00a0\u00bb show_quantity__hover_enabled=\u00a0\u00bboff|desktop\u00a0\u00bb][\/et_pb_wc_add_to_cart][et_pb_video src=\u00a0\u00bbhttps:\/\/www.youtube.com\/watch?v=2rW0-Er_IaE\u00a0\u00bb _builder_version=\u00a0\u00bb4.24.2&Prime; _module_preset=\u00a0\u00bbdefault\u00a0\u00bb global_colors_info=\u00a0\u00bb{}\u00a0\u00bb][\/et_pb_video][\/et_pb_column][\/et_pb_row][\/et_pb_section][et_pb_section fb_built=\u00a0\u00bb1&Prime; _builder_version=\u00a0\u00bb4.16&Prime; background_color=\u00a0\u00bbrgba(193,193,170,0.27)\u00a0\u00bb custom_margin=\u00a0\u00bb0px||0px||true|false\u00a0\u00bb custom_padding=\u00a0\u00bb||||false|false\u00a0\u00bb global_colors_info=\u00a0\u00bb{}\u00a0\u00bb][et_pb_row _builder_version=\u00a0\u00bb4.16&Prime; min_height=\u00a0\u00bb563.4px\u00a0\u00bb global_colors_info=\u00a0\u00bb{}\u00a0\u00bb][et_pb_column type=\u00a0\u00bb4_4&Prime; _builder_version=\u00a0\u00bb4.16&Prime; global_colors_info=\u00a0\u00bb{}\u00a0\u00bb][et_pb_wc_related_products admin_label=\u00a0\u00bbverwandte Produkte\u00a0\u00bb _builder_version=\u00a0\u00bb4.17.0&Prime; min_height=\u00a0\u00bb430.4px\u00a0\u00bb global_colors_info=\u00a0\u00bb{}\u00a0\u00bb][\/et_pb_wc_related_products][\/et_pb_column][\/et_pb_row][\/et_pb_section]<\/p>\n","protected":false},"excerpt":{"rendered":"<div class=\"title\">\n<div><strong>*Le produit ne peut \u00eatre collect\u00e9 qu&rsquo;en raison de la pr\u00e9sence de mati\u00e8res dangereuses.<\/strong><\/div>\n<div><\/div>\n<div class=\"descrtext\">IMPORTANT !<br \/>\nCette Power Station est livr\u00e9e conform\u00e9ment aux normes CH, c&rsquo;est pourquoi une seule prise AC est disponible. Il peut donc y avoir de l\u00e9g\u00e8res diff\u00e9rences avec les images. <\/div>\n<div><\/div>\n<div>Adaptateur de prise CH inclus.<\/div>\n<p>La toute nouvelle station d&rsquo;alimentation Xtorm 600W avec technologie PowerBoost est un concentr\u00e9 de puissance de taille moyenne, bourr\u00e9 d&rsquo;innovations qui alimentent vos appareils m\u00eame lorsque vous n&rsquo;\u00eates pas branch\u00e9 sur le secteur. Ne pesant que 7 kilos, cette Power Station est compacte et facile \u00e0 transporter gr\u00e2ce \u00e0 sa poign\u00e9e. Utilisez l&rsquo;application pour contr\u00f4ler et surveiller la Power Station \u00e0 distance ! La Power Station peut \u00eatre recharg\u00e9e de trois fa\u00e7ons et l&rsquo;\u00e9cran intelligent indique comment la capacit\u00e9 de la batterie de 512Wh est r\u00e9partie entre les 9 sorties. #Plus d&rsquo;\u00e9nergie o\u00f9 que vous soyez !    <\/p>\n<ul>\n<li>9 sorties pour tous vos appareils<\/li>\n<li>Connectez plusieurs appareils en m\u00eame temps<\/li>\n<li>Affichage intelligent<\/li>\n<li>Recharger de 3 mani\u00e8res diff\u00e9rentes<\/li>\n<li>Contr\u00f4le et surveillance via une application<\/li>\n<li>PowerBoost jusqu&rsquo;\u00e0 1000W<\/li>\n<\/ul>\n<\/div>\n<div>\n<h2 class=\"\"><b>Des sorties puissantes pour tous vos appareils :<\/b><\/h2>\n<p><b>Prise portable &#8211; 2x sortie AC avec un total de 600W<\/b><\/p>\n<p>Cette station d&rsquo;alimentation Xtorm 600W poss\u00e8de deux sorties CA qui vous permettent d&rsquo;alimenter facilement vos appareils \u00e9lectriques. Branchez votre glaci\u00e8re, votre ventilateur, votre t\u00e9l\u00e9viseur ou votre batterie de v\u00e9lo et profitez de vos appareils m\u00eame \u00e0 l&rsquo;ext\u00e9rieur ou sans connexion au secteur. Avec une puissance totale de 600W, les petits appareils comme les plus gros b\u00e9n\u00e9ficient de #MoreEnergy.  <\/p>\n<p><b>2x sortie USB-C PD 100W Xtorm UltraCharge<\/b><\/p>\n<p>Donnez #MoreEnergy \u00e0 votre ordinateur portable USB-C, votre tablette, votre smartphone, vos \u00e9couteurs ou votre drone. Ne craignez plus d&rsquo;avoir une batterie faible pendant la journ\u00e9e ! <\/p>\n<p><b>2x sortie USB-A 12W Xtorm FastCharge<\/b><\/p>\n<p>Pour recharger les petits appareils mobiles. Par exemple, assurez-vous que votre appareil photo num\u00e9rique et vos \u00e9couteurs sont charg\u00e9s et pr\u00eats \u00e0 l&#8217;emploi. <\/p>\n<p><b>2x sortie DC5521 &amp; 1x sortie 12V (prise de voiture)<\/b><\/p>\n<p>Certains appareils \u00e9lectriques sont sp\u00e9cialement con\u00e7us pour \u00eatre utilis\u00e9s dans des voitures ou des camping-cars et disposent d&rsquo;une prise de courant continu ou d&rsquo;une prise de courant de 12 V. Utilisez l&rsquo;une de ces sorties pour recharger facilement ces appareils.   <b><\/b><\/p>\n<h2 class=\"\"><b>Puissance suppl\u00e9mentaire avec la technologie PowerBoost<\/b><\/h2>\n<p>La technologie PowerBoost de Xtorm vous permet de connecter et de faire fonctionner des appareils dont les besoins en puissance sont normalement trop \u00e9lev\u00e9s pour une station d&rsquo;alimentation de 600 watts. PowerBoost r\u00e9duit intelligemment la tension tout en fournissant la puissance n\u00e9cessaire \u00e0 l&rsquo;appareil. Les appareils n\u00e9cessitant jusqu&rsquo;\u00e0 1000 W de puissance de cr\u00eate peuvent \u00eatre connect\u00e9s et utilis\u00e9s en toute s\u00e9curit\u00e9. Un s\u00e8che-cheveux, par exemple, chauffe un peu moins, mais s\u00e8che toujours vos cheveux.     <b><\/b><\/p>\n<h2 class=\"\"><b>El\u00e9ments de batterie LiFePO4 compacts et durables<\/b><\/h2>\n<p>Les cellules de batterie de la Power Station ont \u00e9t\u00e9 d\u00e9velopp\u00e9es, entre autres, pour une utilisation dans l&rsquo;industrie automobile et pour le stockage d&rsquo;\u00e9nergie chez les particuliers, de sorte qu&rsquo;elles r\u00e9pondent aux normes de s\u00e9curit\u00e9 et de qualit\u00e9 les plus strictes. Ces batteries ont une capacit\u00e9 de 512Wh, une dur\u00e9e de vie de 10 ans et plus de 3000* cycles de charge\/d\u00e9charge. Un choix s\u00fbr et fiable pour alimenter vos appareils en #MoreEnergy, o\u00f9 que vous soyez !    <b><\/b><\/p>\n<h2 class=\"\"><b>Affichage intelligent pour une divulgation compl\u00e8te<\/b><\/h2>\n<p>L&rsquo;\u00e9cran intelligent vous indique pr\u00e9cis\u00e9ment la quantit\u00e9 d&rsquo;\u00e9nergie dont dispose la station d&rsquo;alimentation 600W. Il indique le pourcentage de la batterie, la puissance de sortie pour les appareils connect\u00e9s et la dur\u00e9e de la charge. Vous recevez \u00e9galement des notifications de temp\u00e9rature trop \u00e9lev\u00e9e ou trop basse et l&rsquo;\u00e9tat du ventilateur. Pour un aper\u00e7u complet des fonctionnalit\u00e9s, consultez le manuel.   <\/p>\n<h2 class=\"\"><b> <\/b><\/h2>\n<h2 class=\"\"><b>Contr\u00f4le intelligent avec l&rsquo;application<\/b><\/h2>\n<p>T\u00e9l\u00e9chargez l&rsquo;application \u00ab\u00a0Smart Life\u00a0\u00bb sur votre smartphone et contr\u00f4lez la Power Station via une connexion Wi-Fi ou Bluetooth. Vous pouvez notamment v\u00e9rifier l&rsquo;\u00e9tat de la batterie et les temps de charge, activer et d\u00e9sactiver les prises, limiter la puissance de charge\/d\u00e9charge et d\u00e9finir des minuteries. De cette mani\u00e8re, vous \u00eates assur\u00e9 de toujours disposer d&rsquo;\u00e9lectricit\u00e9 en cas d&rsquo;urgence ou lorsque vous \u00eates d\u00e9connect\u00e9 du r\u00e9seau \u00e9lectrique. Pour plus d&rsquo;informations sur l&rsquo;installation et l&rsquo;utilisation de l&rsquo;application, consultez le manuel d&rsquo;utilisation ou le site xtorm.eu.   <\/p>\n<h2 class=\"\"><b> <\/b><\/h2>\n<h2 class=\"\"><b>Recharger de 3 fa\u00e7ons diff\u00e9rentes :<\/b><\/h2>\n<p><b>\u00c0 propos de l&rsquo;\u00e9nergie solaire<\/b><\/p>\n<p>Rechargez votre Power Station en connectant le nouveau panneau solaire 200 W. Une fa\u00e7on durable d&rsquo;alimenter votre Power Station en #MoreEnergy pendant que vous profitez du soleil, m\u00eame sans connexion au r\u00e9seau. Aucune prise de courant ou autre appareil n&rsquo;est n\u00e9cessaire et la Power Station est pr\u00eate \u00e0 l&#8217;emploi apr\u00e8s environ 3 heures. Les panneaux solaires de la g\u00e9n\u00e9ration pr\u00e9c\u00e9dente de Xtorm peuvent \u00eatre connect\u00e9s avec le c\u00e2ble adaptateur suppl\u00e9mentaire DC7909 vers MC4.   <\/p>\n<p><b>Via la prise de courant<\/b><\/p>\n<p>La mani\u00e8re la plus rapide de recharger votre Power Station 600W est d&rsquo;utiliser le c\u00e2ble de charge AC. Vous branchez la Power Station sur une prise \u00e9lectrique et la rechargez compl\u00e8tement en 2 heures environ. <\/p>\n<p><b>Pendant le trajet<\/b><\/p>\n<p>Une autre fa\u00e7on de donner #MoreEnergy \u00e0 votre Power Station est de le faire pendant que vous conduisez. Branchez le c\u00e2ble de recharge pour voiture et votre Power Station sera compl\u00e8tement recharg\u00e9e en 5 heures. <\/p>\n<h2 class=\"\"><b>Xtorm est synonyme de qualit\u00e9 et de fiabilit\u00e9<\/b><\/h2>\n<p>Xtorm vous offre la meilleure qualit\u00e9, la technologie la plus r\u00e9cente et la plus grande s\u00e9curit\u00e9 pour des ann\u00e9es de #MoreEnergy ! Nous travaillons sur des produits d&rsquo;ext\u00e9rieur et des appareils durables depuis 2008. La station d&rsquo;alimentation 600W dispose de fonctions de s\u00e9curit\u00e9 int\u00e9gr\u00e9es telles que la gestion automatique de l&rsquo;alimentation, la protection contre les surcharges et un syst\u00e8me de refroidissement avanc\u00e9. Gr\u00e2ce au contr\u00f4le de s\u00e9curit\u00e9 \u00e0 6 niveaux de Xtorm, tant la Power Station que les appareils connect\u00e9s sont prot\u00e9g\u00e9s contre les courts-circuits, les surcharges et les surchauffes, entre autres. La garantie d&rsquo;une \u00e9nergie #plus s\u00fbre, pendant des ann\u00e9es !    <\/p>\n<p><i>*Un cycle de batterie est une charge\/d\u00e9charge compl\u00e8te de 0 \u00e0 100%. Celui-ci peut \u00e9galement \u00eatre divis\u00e9 en plusieurs charges plus petites.   <\/i><\/p>\n<\/div>\n<div>\n<p>Remarque : La puissance de l&rsquo;appareil que vous souhaitez charger doit \u00eatre inf\u00e9rieure \u00e0 celle de l&rsquo;appareil avec lequel vous le chargez. Les appareils d&rsquo;une puissance sup\u00e9rieure ne peuvent pas \u00eatre charg\u00e9s. <\/p>\n<\/div>\n","protected":false},"featured_media":20601,"template":"","meta":{"_et_pb_use_builder":"on","_et_pb_old_content":"Chaise de camping Campwerk Pliable, l\u00e9g\u00e8re et compacte !","_et_gb_content_width":"","om_disable_all_campaigns":false,"inline_featured_image":false},"product_brand":[],"product_cat":[718],"product_tag":[770],"class_list":{"0":"post-20567","1":"product","2":"type-product","3":"status-publish","4":"has-post-thumbnail","6":"product_cat-accessoires-de-camping","7":"product_tag-station-dalimentation","8":"product_shipping_class-tentes-de-toit","10":"first","11":"instock","12":"taxable","13":"shipping-taxable","14":"purchasable","15":"product-type-simple"},"_links":{"self":[{"href":"https:\/\/dachzeltmomente.ch\/fr\/wp-json\/wp\/v2\/product\/20567","targetHints":{"allow":["GET"]}}],"collection":[{"href":"https:\/\/dachzeltmomente.ch\/fr\/wp-json\/wp\/v2\/product"}],"about":[{"href":"https:\/\/dachzeltmomente.ch\/fr\/wp-json\/wp\/v2\/types\/product"}],"wp:featuredmedia":[{"embeddable":true,"href":"https:\/\/dachzeltmomente.ch\/fr\/wp-json\/wp\/v2\/media\/20601"}],"wp:attachment":[{"href":"https:\/\/dachzeltmomente.ch\/fr\/wp-json\/wp\/v2\/media?parent=20567"}],"wp:term":[{"taxonomy":"product_brand","embeddable":true,"href":"https:\/\/dachzeltmomente.ch\/fr\/wp-json\/wp\/v2\/product_brand?post=20567"},{"taxonomy":"product_cat","embeddable":true,"href":"https:\/\/dachzeltmomente.ch\/fr\/wp-json\/wp\/v2\/product_cat?post=20567"},{"taxonomy":"product_tag","embeddable":true,"href":"https:\/\/dachzeltmomente.ch\/fr\/wp-json\/wp\/v2\/product_tag?post=20567"}],"curies":[{"name":"wp","href":"https:\/\/api.w.org\/{rel}","templated":true}]}}