{"id":17766,"date":"2024-01-02T17:59:22","date_gmt":"2024-01-02T16:59:22","guid":{"rendered":"https:\/\/dachzeltmomente.ch\/?post_type=product&#038;p=17766"},"modified":"2026-03-03T14:54:08","modified_gmt":"2026-03-03T13:54:08","slug":"table-de-camping-pliante-xl-150-x-76-cm-kopie","status":"publish","type":"product","link":"https:\/\/dachzeltmomente.ch\/fr\/produkt\/table-de-camping-pliante-xl-150-x-76-cm-kopie\/","title":{"rendered":"Cuisine d&rsquo;ext\u00e9rieur pliante avec \u00e9vier"},"content":{"rendered":"<p>[et_pb_section fb_built=\u00a0\u00bb1&Prime; fullwidth=\u00a0\u00bbon\u00a0\u00bb _builder_version=\u00a0\u00bb4.16&Prime; global_colors_info=\u00a0\u00bb{}\u00a0\u00bb][et_pb_fullwidth_post_title meta=\u00a0\u00bboff\u00a0\u00bb featured_image=\u00a0\u00bboff\u00a0\u00bb _builder_version=\u00a0\u00bb4.20.4&Prime; title_text_color=\u00a0\u00bb#ffffff\u00a0\u00bb title_font_size=\u00a0\u00bb50px\u00a0\u00bb use_background_color_gradient=\u00a0\u00bbon\u00a0\u00bb background_color_gradient_direction=\u00a0\u00bb1deg\u00a0\u00bb background_color_gradient_stops=\u00a0\u00bb#000a09 0%|rgba(43,135,218,0) 100%\u00a0\u00bb background_color_gradient_overlays_image=\u00a0\u00bbon\u00a0\u00bb background_color_gradient_start=\u00a0\u00bb#000a09&Prime; background_color_gradient_end=\u00a0\u00bbrgba(43,135,218,0)\u00a0\u00bb background_image=\u00a0\u00bbhttps:\/\/dachzeltmomente.ch\/wp-content\/uploads\/2024\/01\/klappbare-outdoorkueche-dekoriert-1.jpg.webp\u00a0\u00bb text_orientation=\u00a0\u00bbcenter\u00a0\u00bb min_height=\u00a0\u00bb340.8px\u00a0\u00bb custom_padding=\u00a0\u00bb7vw||7vw||false|false\u00a0\u00bb hover_enabled=\u00a0\u00bb0&Prime; title_text_shadow_style=\u00a0\u00bbpreset1&Prime; global_colors_info=\u00a0\u00bb{}\u00a0\u00bb title_text=\u00a0\u00bbklappbare-outdoorkueche-dekoriert-1.jpg\u00a0\u00bb sticky_enabled=\u00a0\u00bb0&Prime;][\/et_pb_fullwidth_post_title][\/et_pb_section][et_pb_section fb_built=\u00a0\u00bb1&Prime; _builder_version=\u00a0\u00bb4.16&Prime; background_color=\u00a0\u00bbrgba(193,193,170,0.27)\u00a0\u00bb custom_margin=\u00a0\u00bb-7px|||||\u00a0\u00bb custom_padding=\u00a0\u00bb22px||0px|||\u00a0\u00bb collapsed=\u00a0\u00bboff\u00a0\u00bb global_colors_info=\u00a0\u00bb{}\u00a0\u00bb][et_pb_row _builder_version=\u00a0\u00bb4.16&Prime; custom_margin=\u00a0\u00bb-30px||||false|false\u00a0\u00bb custom_padding=\u00a0\u00bb||0px|||\u00a0\u00bb global_colors_info=\u00a0\u00bb{}\u00a0\u00bb][et_pb_column type=\u00a0\u00bb4_4&Prime; _builder_version=\u00a0\u00bb4.16&Prime; global_colors_info=\u00a0\u00bb{}\u00a0\u00bb][et_pb_divider color=\u00a0\u00bb#474747&Prime; _builder_version=\u00a0\u00bb4.16&Prime; custom_margin=\u00a0\u00bb-13px||-3px|||\u00a0\u00bb global_colors_info=\u00a0\u00bb{}\u00a0\u00bb][\/et_pb_divider][et_pb_social_media_follow _builder_version=\u00a0\u00bb4.16&Prime; text_orientation=\u00a0\u00bbright\u00a0\u00bb custom_padding=\u00a0\u00bb||0px|||\u00a0\u00bb global_colors_info=\u00a0\u00bb{}\u00a0\u00bb][et_pb_social_media_follow_network social_network=\u00a0\u00bbfacebook\u00a0\u00bb url=\u00a0\u00bbhttps:\/\/www.facebook.com\/dachzeltmomente\u00a0\u00bb _builder_version=\u00a0\u00bb4.16&Prime; background_color=\u00a0\u00bb#7f674d\u00a0\u00bb background_enable_color=\u00a0\u00bbon\u00a0\u00bb global_colors_info=\u00a0\u00bb{}\u00a0\u00bb follow_button=\u00a0\u00bboff\u00a0\u00bb url_new_window=\u00a0\u00bbon\u00a0\u00bb]facebook[\/et_pb_social_media_follow_network][et_pb_social_media_follow_network social_network=\u00a0\u00bbinstagram\u00a0\u00bb url=\u00a0\u00bbhttps:\/\/www.instagram.com\/dachzelt_momente\/\u00a0\u00bb _builder_version=\u00a0\u00bb4.16&Prime; background_color=\u00a0\u00bb#918d75&Prime; background_enable_color=\u00a0\u00bbon\u00a0\u00bb global_colors_info=\u00a0\u00bb{}\u00a0\u00bb follow_button=\u00a0\u00bboff\u00a0\u00bb url_new_window=\u00a0\u00bbon\u00a0\u00bb]instagram[\/et_pb_social_media_follow_network][\/et_pb_social_media_follow][\/et_pb_column][\/et_pb_row][et_pb_row _builder_version=\u00a0\u00bb4.16&Prime; background_enable_color=\u00a0\u00bboff\u00a0\u00bb custom_padding=\u00a0\u00bb1px||23px|||\u00a0\u00bb collapsed=\u00a0\u00bbon\u00a0\u00bb global_colors_info=\u00a0\u00bb{}\u00a0\u00bb][et_pb_column type=\u00a0\u00bb4_4&Prime; _builder_version=\u00a0\u00bb4.16&Prime; global_colors_info=\u00a0\u00bb{}\u00a0\u00bb][et_pb_menu menu_style=\u00a0\u00bbcentered\u00a0\u00bb show_cart_icon=\u00a0\u00bbon\u00a0\u00bb show_search_icon=\u00a0\u00bbon\u00a0\u00bb cart_icon_color=\u00a0\u00bb#474747&Prime; search_icon_color=\u00a0\u00bb#474747&Prime; menu_icon_color=\u00a0\u00bb#474747&Prime; cart_icon_font_size=\u00a0\u00bb20px\u00a0\u00bb search_icon_font_size=\u00a0\u00bb18px\u00a0\u00bb admin_label=\u00a0\u00bbMenu-1&Prime; _builder_version=\u00a0\u00bb4.16&Prime; menu_font=\u00a0\u00bbAmatic SC|700|||||||\u00a0\u00bb menu_font_size=\u00a0\u00bb35px\u00a0\u00bb menu_letter_spacing=\u00a0\u00bb1px\u00a0\u00bb background_enable_color=\u00a0\u00bboff\u00a0\u00bb custom_margin=\u00a0\u00bb-39px||16px||false|false\u00a0\u00bb global_colors_info=\u00a0\u00bb{}\u00a0\u00bb][\/et_pb_menu][et_pb_divider color=\u00a0\u00bb#474747&Prime; _builder_version=\u00a0\u00bb4.16&Prime; min_height=\u00a0\u00bb27px\u00a0\u00bb custom_margin=\u00a0\u00bb||-26px|||\u00a0\u00bb custom_padding=\u00a0\u00bb||0px|||\u00a0\u00bb global_colors_info=\u00a0\u00bb{}\u00a0\u00bb][\/et_pb_divider][\/et_pb_column][\/et_pb_row][\/et_pb_section][et_pb_section fb_built=\u00a0\u00bb1&Prime; _builder_version=\u00a0\u00bb4.16&Prime; background_color=\u00a0\u00bbrgba(193,193,170,0.27)\u00a0\u00bb custom_margin=\u00a0\u00bb||0px||false|false\u00a0\u00bb custom_padding=\u00a0\u00bb0px||0px||false|false\u00a0\u00bb global_colors_info=\u00a0\u00bb{}\u00a0\u00bb][et_pb_row _builder_version=\u00a0\u00bb4.16&Prime; custom_padding=\u00a0\u00bb0px||0px|||\u00a0\u00bb global_colors_info=\u00a0\u00bb{}\u00a0\u00bb][et_pb_column type=\u00a0\u00bb4_4&Prime; _builder_version=\u00a0\u00bb4.16&Prime; global_colors_info=\u00a0\u00bb{}\u00a0\u00bb][et_pb_wc_cart_notice admin_label=\u00a0\u00bbWarenkorb Hinweis\u00a0\u00bb _builder_version=\u00a0\u00bb4.16&Prime; title_font=\u00a0\u00bbPoppins||||||||\u00a0\u00bb title_text_color=\u00a0\u00bb#3b484f\u00a0\u00bb background_color=\u00a0\u00bb#DDD2BE\u00a0\u00bb background_enable_image=\u00a0\u00bboff\u00a0\u00bb parallax=\u00a0\u00bbon\u00a0\u00bb custom_button=\u00a0\u00bbon\u00a0\u00bb button_text_size=\u00a0\u00bb14px\u00a0\u00bb button_text_color=\u00a0\u00bb#ffffff\u00a0\u00bb button_bg_color=\u00a0\u00bb#897b65&Prime; button_border_color=\u00a0\u00bb#897b65&Prime; button_border_radius=\u00a0\u00bb0px\u00a0\u00bb button_font=\u00a0\u00bbPoppins||||||||\u00a0\u00bb button_icon=\u00a0\u00bb\ue07a||divi||400&Prime; button_icon_placement=\u00a0\u00bbleft\u00a0\u00bb button_on_hover=\u00a0\u00bboff\u00a0\u00bb button_custom_padding=\u00a0\u00bb|||23px|false|false\u00a0\u00bb custom_margin=\u00a0\u00bb0em|0em|0em|0em|false|false\u00a0\u00bb body_font=\u00a0\u00bbPoppins||||||||\u00a0\u00bb body_text_color=\u00a0\u00bb#3b484f\u00a0\u00bb global_colors_info=\u00a0\u00bb{}\u00a0\u00bb][\/et_pb_wc_cart_notice][\/et_pb_column][\/et_pb_row][\/et_pb_section][et_pb_section fb_built=\u00a0\u00bb1&Prime; _builder_version=\u00a0\u00bb4.16&Prime; _module_preset=\u00a0\u00bbdefault\u00a0\u00bb background_color=\u00a0\u00bbrgba(193,193,170,0.27)\u00a0\u00bb custom_margin=\u00a0\u00bb||||false|false\u00a0\u00bb custom_padding=\u00a0\u00bb||0px|||\u00a0\u00bb global_colors_info=\u00a0\u00bb{}\u00a0\u00bb][et_pb_row column_structure=\u00a0\u00bb1_2,1_2&Prime; _builder_version=\u00a0\u00bb4.16&Prime; _module_preset=\u00a0\u00bbdefault\u00a0\u00bb min_height=\u00a0\u00bb771px\u00a0\u00bb global_colors_info=\u00a0\u00bb{}\u00a0\u00bb][et_pb_column type=\u00a0\u00bb1_2&Prime; _builder_version=\u00a0\u00bb4.16&Prime; _module_preset=\u00a0\u00bbdefault\u00a0\u00bb global_colors_info=\u00a0\u00bb{}\u00a0\u00bb][et_pb_wc_title admin_label=\u00a0\u00bbProdukt Titel\u00a0\u00bb _builder_version=\u00a0\u00bb4.16&Prime; custom_padding=\u00a0\u00bb||2px|||\u00a0\u00bb global_colors_info=\u00a0\u00bb{}\u00a0\u00bb][\/et_pb_wc_title][et_pb_wc_images admin_label=\u00a0\u00bbProdukt Bild\u00a0\u00bb _builder_version=\u00a0\u00bb4.16&Prime; min_height=\u00a0\u00bb710px\u00a0\u00bb custom_margin=\u00a0\u00bb|||5px|false|false\u00a0\u00bb custom_padding=\u00a0\u00bb31px|||||\u00a0\u00bb global_colors_info=\u00a0\u00bb{}\u00a0\u00bb][\/et_pb_wc_images][\/et_pb_column][et_pb_column type=\u00a0\u00bb1_2&Prime; _builder_version=\u00a0\u00bb4.16&Prime; _module_preset=\u00a0\u00bbdefault\u00a0\u00bb global_colors_info=\u00a0\u00bb{}\u00a0\u00bb][et_pb_text disabled_on=\u00a0\u00bbon|off|off\u00a0\u00bb _builder_version=\u00a0\u00bb4.16&Prime; _module_preset=\u00a0\u00bbdefault\u00a0\u00bb min_height=\u00a0\u00bb132.5px\u00a0\u00bb global_colors_info=\u00a0\u00bb{}\u00a0\u00bb]<\/p>\n<p>&nbsp;<\/p>\n<p>&nbsp;<\/p>\n<p>[\/et_pb_text][et_pb_wc_description admin_label=\u00a0\u00bbProdukt Beschreibung\u00a0\u00bb _builder_version=\u00a0\u00bb4.16&Prime; min_height=\u00a0\u00bb0px\u00a0\u00bb global_colors_info=\u00a0\u00bb{}\u00a0\u00bb][\/et_pb_wc_description][et_pb_wc_price admin_label=\u00a0\u00bbWoo Preis\u00a0\u00bb _builder_version=\u00a0\u00bb4.16&Prime; _module_preset=\u00a0\u00bbdefault\u00a0\u00bb body_text_color=\u00a0\u00bb#9BA685&Prime; body_font_size=\u00a0\u00bb20px\u00a0\u00bb global_colors_info=\u00a0\u00bb{}\u00a0\u00bb][\/et_pb_wc_price][et_pb_wc_add_to_cart show_quantity_last_edited=\u00a0\u00bboff|desktop\u00a0\u00bb admin_label=\u00a0\u00bbWarenkorb Button\u00a0\u00bb _builder_version=\u00a0\u00bb4.16&Prime; field_label_font=\u00a0\u00bbPoppins|600||on|||||\u00a0\u00bb dropdown_menus_font=\u00a0\u00bbPoppins|300|||||||\u00a0\u00bb dropdown_menus_font_size=\u00a0\u00bb14px\u00a0\u00bb custom_button=\u00a0\u00bbon\u00a0\u00bb button_text_size=\u00a0\u00bb14px\u00a0\u00bb button_text_color=\u00a0\u00bb#ffffff\u00a0\u00bb button_bg_color=\u00a0\u00bb#897b65&Prime; button_border_width=\u00a0\u00bb8px\u00a0\u00bb button_border_color=\u00a0\u00bb#897b65&Prime; button_border_radius=\u00a0\u00bb0px\u00a0\u00bb button_letter_spacing=\u00a0\u00bb2px\u00a0\u00bb button_font=\u00a0\u00bbPoppins|600||on|||||\u00a0\u00bb button_icon=\u00a0\u00bb&#xe07a;||divi||400&Prime; button_icon_placement=\u00a0\u00bbleft\u00a0\u00bb button_on_hover=\u00a0\u00bboff\u00a0\u00bb button_custom_margin=\u00a0\u00bb|||0px|false|false\u00a0\u00bb button_custom_padding=\u00a0\u00bb|||23px|false|false\u00a0\u00bb border_radii_fields=\u00a0\u00bbon|0px|0px|0px|0px\u00a0\u00bb body_font=\u00a0\u00bbPoppins|600||on|||||\u00a0\u00bb global_colors_info=\u00a0\u00bb{}\u00a0\u00bb show_quantity__hover_enabled=\u00a0\u00bboff|desktop\u00a0\u00bb][\/et_pb_wc_add_to_cart][\/et_pb_column][\/et_pb_row][\/et_pb_section][et_pb_section fb_built=\u00a0\u00bb1&Prime; _builder_version=\u00a0\u00bb4.16&Prime; background_color=\u00a0\u00bbrgba(193,193,170,0.27)\u00a0\u00bb custom_margin=\u00a0\u00bb0px||0px||true|false\u00a0\u00bb custom_padding=\u00a0\u00bb||||false|false\u00a0\u00bb global_colors_info=\u00a0\u00bb{}\u00a0\u00bb][et_pb_row _builder_version=\u00a0\u00bb4.16&Prime; min_height=\u00a0\u00bb563.4px\u00a0\u00bb global_colors_info=\u00a0\u00bb{}\u00a0\u00bb][et_pb_column type=\u00a0\u00bb4_4&Prime; _builder_version=\u00a0\u00bb4.16&Prime; global_colors_info=\u00a0\u00bb{}\u00a0\u00bb][et_pb_wc_related_products admin_label=\u00a0\u00bbverwandte Produkte\u00a0\u00bb _builder_version=\u00a0\u00bb4.17.0&Prime; min_height=\u00a0\u00bb430.4px\u00a0\u00bb global_colors_info=\u00a0\u00bb{}\u00a0\u00bb][\/et_pb_wc_related_products][\/et_pb_column][\/et_pb_row][\/et_pb_section]<\/p>\n","protected":false},"excerpt":{"rendered":"<p>cuisine de camping d&rsquo;une seule pi\u00e8ce \u00e0 d\u00e9plier avec \u00e9vier int\u00e9gr\u00e9.<\/p>\n<p>Cuisiner dehors aussi confortablement que dans sa propre cuisine ? Avec la cuisine de camping pliante, vous avez de la place pour tout ce qui est n\u00e9cessaire \u00e0 une cuisine fonctionnelle : <\/p>\n<ul>\n<li>Des \u00e9tag\u00e8res pour les boissons, les spatules ou les \u00e9pices,<\/li>\n<li>une cuvette de rin\u00e7age souple int\u00e9gr\u00e9e avec tuyau d&rsquo;alimentation et d&rsquo;\u00e9vacuation,<\/li>\n<li>un compartiment de rangement, id\u00e9al pour y placer une petite glaci\u00e8re<\/li>\n<li>une perche t\u00e9lescopique \u00e0 laquelle vous pouvez par exemple accrocher une lampe de camping pour \u00e9clairer votre cuisine de camping.<\/li>\n<\/ul>\n<p>D&rsquo;autres \u00e9tag\u00e8res se d\u00e9ploient sur le c\u00f4t\u00e9 de la cuisine et la surface r\u00e9sistante \u00e0 la chaleur vous permet d&rsquo;installer et d&rsquo;utiliser votre r\u00e9chaud \u00e0 gaz sans souci. Mieux encore, l&rsquo;ensemble de la cuisine se plie \u00e0 une taille de 88,4 x 55 x 15 cm et se transporte facilement gr\u00e2ce \u00e0 ses deux poign\u00e9es. Le poids l\u00e9ger de la cuisine vous permet de la transporter facilement jusqu&rsquo;\u00e0 l&rsquo;endroit choisi pour cuisiner.  <\/p>\n<p>&nbsp;<\/p>\n<h2>Particularit\u00e9s :<\/h2>\n<ul>\n<li>\u00c9vier souple int\u00e9gr\u00e9 avec \u00e9vacuation<\/li>\n<li>Tige de support t\u00e9lescopique pour lumi\u00e8re ou bo\u00eete \u00e0 musique<\/li>\n<li>Surface r\u00e9sistante \u00e0 la chaleur<\/li>\n<\/ul>\n<h2>Donn\u00e9es sur les produits :<\/h2>\n<ul>\n<li>Poids : 10,3 kg<\/li>\n<li>Dimensions de rangement : 88,4 x 55 x 15 cm<\/li>\n<li>Dimensions (ouvert*) : 55 x 143 x 82 cm (L x l x H)<br \/>\n*Sans les tables ouvertes ou la barre dress\u00e9e<\/li>\n<li>Surface totale en aluminium : 39,4 x 142 cm (L x l)<\/li>\n<li>Limite de poids des \u00e9tag\u00e8res : section centrale : 21,8 kg, section lat\u00e9rale : 21,8 kg<\/li>\n<\/ul>\n<h2>Mat\u00e9riel :<\/h2>\n<p>Aluminium<\/p>\n","protected":false},"featured_media":17780,"template":"","meta":{"_et_pb_use_builder":"on","_et_pb_old_content":"Chaise de camping Campwerk Pliable, l\u00e9g\u00e8re et compacte !","_et_gb_content_width":"","om_disable_all_campaigns":false,"inline_featured_image":false},"product_brand":[],"product_cat":[718],"product_tag":[831,782],"class_list":{"0":"post-17766","1":"product","2":"type-product","3":"status-publish","4":"has-post-thumbnail","6":"product_cat-accessoires-de-camping","7":"product_tag-cuisine","8":"product_tag-cuisine-de-camping","9":"product_shipping_class-objets-encombrants-poste","11":"first","12":"instock","13":"taxable","14":"shipping-taxable","15":"purchasable","16":"product-type-simple"},"_links":{"self":[{"href":"https:\/\/dachzeltmomente.ch\/fr\/wp-json\/wp\/v2\/product\/17766","targetHints":{"allow":["GET"]}}],"collection":[{"href":"https:\/\/dachzeltmomente.ch\/fr\/wp-json\/wp\/v2\/product"}],"about":[{"href":"https:\/\/dachzeltmomente.ch\/fr\/wp-json\/wp\/v2\/types\/product"}],"wp:featuredmedia":[{"embeddable":true,"href":"https:\/\/dachzeltmomente.ch\/fr\/wp-json\/wp\/v2\/media\/17780"}],"wp:attachment":[{"href":"https:\/\/dachzeltmomente.ch\/fr\/wp-json\/wp\/v2\/media?parent=17766"}],"wp:term":[{"taxonomy":"product_brand","embeddable":true,"href":"https:\/\/dachzeltmomente.ch\/fr\/wp-json\/wp\/v2\/product_brand?post=17766"},{"taxonomy":"product_cat","embeddable":true,"href":"https:\/\/dachzeltmomente.ch\/fr\/wp-json\/wp\/v2\/product_cat?post=17766"},{"taxonomy":"product_tag","embeddable":true,"href":"https:\/\/dachzeltmomente.ch\/fr\/wp-json\/wp\/v2\/product_tag?post=17766"}],"curies":[{"name":"wp","href":"https:\/\/api.w.org\/{rel}","templated":true}]}}