{"id":17720,"date":"2024-01-02T17:10:18","date_gmt":"2024-01-02T16:10:18","guid":{"rendered":"https:\/\/dachzeltmomente.ch\/?post_type=product&#038;p=17720"},"modified":"2026-03-04T11:08:59","modified_gmt":"2026-03-04T10:08:59","slug":"chaise-de-camping-extra-large-avec-fonction-balancoire-et-table-kopie","status":"publish","type":"product","link":"https:\/\/dachzeltmomente.ch\/fr\/produkt\/chaise-de-camping-extra-large-avec-fonction-balancoire-et-table-kopie\/","title":{"rendered":"Chaise de camping pivotante avec porte-gobelet"},"content":{"rendered":"<p>[et_pb_section fb_built=\u00a0\u00bb1&Prime; fullwidth=\u00a0\u00bbon\u00a0\u00bb _builder_version=\u00a0\u00bb4.16&Prime; global_colors_info=\u00a0\u00bb{}\u00a0\u00bb][et_pb_fullwidth_post_title meta=\u00a0\u00bboff\u00a0\u00bb featured_image=\u00a0\u00bboff\u00a0\u00bb _builder_version=\u00a0\u00bb4.20.4&Prime; title_text_color=\u00a0\u00bb#ffffff\u00a0\u00bb title_font_size=\u00a0\u00bb50px\u00a0\u00bb use_background_color_gradient=\u00a0\u00bbon\u00a0\u00bb background_color_gradient_direction=\u00a0\u00bb1deg\u00a0\u00bb background_color_gradient_stops=\u00a0\u00bb#000a09 0%|rgba(43,135,218,0) 100%\u00a0\u00bb background_color_gradient_overlays_image=\u00a0\u00bbon\u00a0\u00bb background_color_gradient_start=\u00a0\u00bb#000a09&Prime; background_color_gradient_end=\u00a0\u00bbrgba(43,135,218,0)\u00a0\u00bb background_image=\u00a0\u00bbhttps:\/\/dachzeltmomente.ch\/wp-content\/uploads\/2024\/01\/campingstuhl-schwingend-getraenkehalterung-aufgebaut.jpg.webp\u00a0\u00bb text_orientation=\u00a0\u00bbcenter\u00a0\u00bb min_height=\u00a0\u00bb340.8px\u00a0\u00bb custom_padding=\u00a0\u00bb7vw||7vw||false|false\u00a0\u00bb title_text_shadow_style=\u00a0\u00bbpreset1&Prime; global_colors_info=\u00a0\u00bb{}\u00a0\u00bb][\/et_pb_fullwidth_post_title][\/et_pb_section][et_pb_section fb_built=\u00a0\u00bb1&Prime; _builder_version=\u00a0\u00bb4.16&Prime; background_color=\u00a0\u00bbrgba(193,193,170,0.27)\u00a0\u00bb custom_margin=\u00a0\u00bb-7px|||||\u00a0\u00bb custom_padding=\u00a0\u00bb22px||0px|||\u00a0\u00bb collapsed=\u00a0\u00bboff\u00a0\u00bb global_colors_info=\u00a0\u00bb{}\u00a0\u00bb][et_pb_row _builder_version=\u00a0\u00bb4.16&Prime; custom_margin=\u00a0\u00bb-30px||||false|false\u00a0\u00bb custom_padding=\u00a0\u00bb||0px|||\u00a0\u00bb global_colors_info=\u00a0\u00bb{}\u00a0\u00bb][et_pb_column type=\u00a0\u00bb4_4&Prime; _builder_version=\u00a0\u00bb4.16&Prime; global_colors_info=\u00a0\u00bb{}\u00a0\u00bb][et_pb_divider color=\u00a0\u00bb#474747&Prime; _builder_version=\u00a0\u00bb4.16&Prime; custom_margin=\u00a0\u00bb-13px||-3px|||\u00a0\u00bb global_colors_info=\u00a0\u00bb{}\u00a0\u00bb][\/et_pb_divider][et_pb_social_media_follow _builder_version=\u00a0\u00bb4.16&Prime; text_orientation=\u00a0\u00bbright\u00a0\u00bb custom_padding=\u00a0\u00bb||0px|||\u00a0\u00bb global_colors_info=\u00a0\u00bb{}\u00a0\u00bb][et_pb_social_media_follow_network social_network=\u00a0\u00bbfacebook\u00a0\u00bb url=\u00a0\u00bbhttps:\/\/www.facebook.com\/dachzeltmomente\u00a0\u00bb _builder_version=\u00a0\u00bb4.16&Prime; background_color=\u00a0\u00bb#7f674d\u00a0\u00bb background_enable_color=\u00a0\u00bbon\u00a0\u00bb global_colors_info=\u00a0\u00bb{}\u00a0\u00bb follow_button=\u00a0\u00bboff\u00a0\u00bb url_new_window=\u00a0\u00bbon\u00a0\u00bb]facebook[\/et_pb_social_media_follow_network][et_pb_social_media_follow_network social_network=\u00a0\u00bbinstagram\u00a0\u00bb url=\u00a0\u00bbhttps:\/\/www.instagram.com\/dachzelt_momente\/\u00a0\u00bb _builder_version=\u00a0\u00bb4.16&Prime; background_color=\u00a0\u00bb#918d75&Prime; background_enable_color=\u00a0\u00bbon\u00a0\u00bb global_colors_info=\u00a0\u00bb{}\u00a0\u00bb follow_button=\u00a0\u00bboff\u00a0\u00bb url_new_window=\u00a0\u00bbon\u00a0\u00bb]instagram[\/et_pb_social_media_follow_network][\/et_pb_social_media_follow][\/et_pb_column][\/et_pb_row][et_pb_row _builder_version=\u00a0\u00bb4.16&Prime; background_enable_color=\u00a0\u00bboff\u00a0\u00bb custom_padding=\u00a0\u00bb1px||23px|||\u00a0\u00bb collapsed=\u00a0\u00bbon\u00a0\u00bb global_colors_info=\u00a0\u00bb{}\u00a0\u00bb][et_pb_column type=\u00a0\u00bb4_4&Prime; _builder_version=\u00a0\u00bb4.16&Prime; global_colors_info=\u00a0\u00bb{}\u00a0\u00bb][et_pb_menu menu_style=\u00a0\u00bbcentered\u00a0\u00bb show_cart_icon=\u00a0\u00bbon\u00a0\u00bb show_search_icon=\u00a0\u00bbon\u00a0\u00bb cart_icon_color=\u00a0\u00bb#474747&Prime; search_icon_color=\u00a0\u00bb#474747&Prime; menu_icon_color=\u00a0\u00bb#474747&Prime; cart_icon_font_size=\u00a0\u00bb20px\u00a0\u00bb search_icon_font_size=\u00a0\u00bb18px\u00a0\u00bb admin_label=\u00a0\u00bbMenu-1&Prime; _builder_version=\u00a0\u00bb4.16&Prime; menu_font=\u00a0\u00bbAmatic SC|700|||||||\u00a0\u00bb menu_font_size=\u00a0\u00bb35px\u00a0\u00bb menu_letter_spacing=\u00a0\u00bb1px\u00a0\u00bb background_enable_color=\u00a0\u00bboff\u00a0\u00bb custom_margin=\u00a0\u00bb-39px||16px||false|false\u00a0\u00bb global_colors_info=\u00a0\u00bb{}\u00a0\u00bb][\/et_pb_menu][et_pb_divider color=\u00a0\u00bb#474747&Prime; _builder_version=\u00a0\u00bb4.16&Prime; min_height=\u00a0\u00bb27px\u00a0\u00bb custom_margin=\u00a0\u00bb||-26px|||\u00a0\u00bb custom_padding=\u00a0\u00bb||0px|||\u00a0\u00bb global_colors_info=\u00a0\u00bb{}\u00a0\u00bb][\/et_pb_divider][\/et_pb_column][\/et_pb_row][\/et_pb_section][et_pb_section fb_built=\u00a0\u00bb1&Prime; _builder_version=\u00a0\u00bb4.16&Prime; background_color=\u00a0\u00bbrgba(193,193,170,0.27)\u00a0\u00bb custom_margin=\u00a0\u00bb||0px||false|false\u00a0\u00bb custom_padding=\u00a0\u00bb0px||0px||false|false\u00a0\u00bb global_colors_info=\u00a0\u00bb{}\u00a0\u00bb][et_pb_row _builder_version=\u00a0\u00bb4.16&Prime; custom_padding=\u00a0\u00bb0px||0px|||\u00a0\u00bb global_colors_info=\u00a0\u00bb{}\u00a0\u00bb][et_pb_column type=\u00a0\u00bb4_4&Prime; _builder_version=\u00a0\u00bb4.16&Prime; global_colors_info=\u00a0\u00bb{}\u00a0\u00bb][et_pb_wc_cart_notice admin_label=\u00a0\u00bbWarenkorb Hinweis\u00a0\u00bb _builder_version=\u00a0\u00bb4.16&Prime; title_font=\u00a0\u00bbPoppins||||||||\u00a0\u00bb title_text_color=\u00a0\u00bb#3b484f\u00a0\u00bb background_color=\u00a0\u00bb#DDD2BE\u00a0\u00bb background_enable_image=\u00a0\u00bboff\u00a0\u00bb parallax=\u00a0\u00bbon\u00a0\u00bb custom_button=\u00a0\u00bbon\u00a0\u00bb button_text_size=\u00a0\u00bb14px\u00a0\u00bb button_text_color=\u00a0\u00bb#ffffff\u00a0\u00bb button_bg_color=\u00a0\u00bb#897b65&Prime; button_border_color=\u00a0\u00bb#897b65&Prime; button_border_radius=\u00a0\u00bb0px\u00a0\u00bb button_font=\u00a0\u00bbPoppins||||||||\u00a0\u00bb button_icon=\u00a0\u00bb\ue07a||divi||400&Prime; button_icon_placement=\u00a0\u00bbleft\u00a0\u00bb button_on_hover=\u00a0\u00bboff\u00a0\u00bb button_custom_padding=\u00a0\u00bb|||23px|false|false\u00a0\u00bb custom_margin=\u00a0\u00bb0em|0em|0em|0em|false|false\u00a0\u00bb body_font=\u00a0\u00bbPoppins||||||||\u00a0\u00bb body_text_color=\u00a0\u00bb#3b484f\u00a0\u00bb global_colors_info=\u00a0\u00bb{}\u00a0\u00bb][\/et_pb_wc_cart_notice][\/et_pb_column][\/et_pb_row][\/et_pb_section][et_pb_section fb_built=\u00a0\u00bb1&Prime; _builder_version=\u00a0\u00bb4.16&Prime; _module_preset=\u00a0\u00bbdefault\u00a0\u00bb background_color=\u00a0\u00bbrgba(193,193,170,0.27)\u00a0\u00bb custom_margin=\u00a0\u00bb||||false|false\u00a0\u00bb custom_padding=\u00a0\u00bb||0px|||\u00a0\u00bb global_colors_info=\u00a0\u00bb{}\u00a0\u00bb][et_pb_row column_structure=\u00a0\u00bb1_2,1_2&Prime; _builder_version=\u00a0\u00bb4.16&Prime; _module_preset=\u00a0\u00bbdefault\u00a0\u00bb min_height=\u00a0\u00bb771px\u00a0\u00bb global_colors_info=\u00a0\u00bb{}\u00a0\u00bb][et_pb_column type=\u00a0\u00bb1_2&Prime; _builder_version=\u00a0\u00bb4.16&Prime; _module_preset=\u00a0\u00bbdefault\u00a0\u00bb global_colors_info=\u00a0\u00bb{}\u00a0\u00bb][et_pb_wc_title admin_label=\u00a0\u00bbProdukt Titel\u00a0\u00bb _builder_version=\u00a0\u00bb4.16&Prime; custom_padding=\u00a0\u00bb||2px|||\u00a0\u00bb global_colors_info=\u00a0\u00bb{}\u00a0\u00bb][\/et_pb_wc_title][et_pb_wc_images admin_label=\u00a0\u00bbProdukt Bild\u00a0\u00bb _builder_version=\u00a0\u00bb4.16&Prime; min_height=\u00a0\u00bb710px\u00a0\u00bb custom_margin=\u00a0\u00bb|||5px|false|false\u00a0\u00bb custom_padding=\u00a0\u00bb31px|||||\u00a0\u00bb global_colors_info=\u00a0\u00bb{}\u00a0\u00bb][\/et_pb_wc_images][\/et_pb_column][et_pb_column type=\u00a0\u00bb1_2&Prime; _builder_version=\u00a0\u00bb4.16&Prime; _module_preset=\u00a0\u00bbdefault\u00a0\u00bb global_colors_info=\u00a0\u00bb{}\u00a0\u00bb][et_pb_text disabled_on=\u00a0\u00bbon|off|off\u00a0\u00bb _builder_version=\u00a0\u00bb4.16&Prime; _module_preset=\u00a0\u00bbdefault\u00a0\u00bb min_height=\u00a0\u00bb132.5px\u00a0\u00bb global_colors_info=\u00a0\u00bb{}\u00a0\u00bb]<\/p>\n<p>&nbsp;<\/p>\n<p>&nbsp;<\/p>\n<p>[\/et_pb_text][et_pb_wc_description admin_label=\u00a0\u00bbProdukt Beschreibung\u00a0\u00bb _builder_version=\u00a0\u00bb4.16&Prime; min_height=\u00a0\u00bb0px\u00a0\u00bb global_colors_info=\u00a0\u00bb{}\u00a0\u00bb][\/et_pb_wc_description][et_pb_wc_price admin_label=\u00a0\u00bbWoo Preis\u00a0\u00bb _builder_version=\u00a0\u00bb4.16&Prime; _module_preset=\u00a0\u00bbdefault\u00a0\u00bb body_text_color=\u00a0\u00bb#9BA685&Prime; body_font_size=\u00a0\u00bb20px\u00a0\u00bb global_colors_info=\u00a0\u00bb{}\u00a0\u00bb][\/et_pb_wc_price][et_pb_wc_add_to_cart show_quantity_last_edited=\u00a0\u00bboff|desktop\u00a0\u00bb admin_label=\u00a0\u00bbWarenkorb Button\u00a0\u00bb _builder_version=\u00a0\u00bb4.16&Prime; field_label_font=\u00a0\u00bbPoppins|600||on|||||\u00a0\u00bb dropdown_menus_font=\u00a0\u00bbPoppins|300|||||||\u00a0\u00bb dropdown_menus_font_size=\u00a0\u00bb14px\u00a0\u00bb custom_button=\u00a0\u00bbon\u00a0\u00bb button_text_size=\u00a0\u00bb14px\u00a0\u00bb button_text_color=\u00a0\u00bb#ffffff\u00a0\u00bb button_bg_color=\u00a0\u00bb#897b65&Prime; button_border_width=\u00a0\u00bb8px\u00a0\u00bb button_border_color=\u00a0\u00bb#897b65&Prime; button_border_radius=\u00a0\u00bb0px\u00a0\u00bb button_letter_spacing=\u00a0\u00bb2px\u00a0\u00bb button_font=\u00a0\u00bbPoppins|600||on|||||\u00a0\u00bb button_icon=\u00a0\u00bb&#xe07a;||divi||400&Prime; button_icon_placement=\u00a0\u00bbleft\u00a0\u00bb button_on_hover=\u00a0\u00bboff\u00a0\u00bb button_custom_margin=\u00a0\u00bb|||0px|false|false\u00a0\u00bb button_custom_padding=\u00a0\u00bb|||23px|false|false\u00a0\u00bb border_radii_fields=\u00a0\u00bbon|0px|0px|0px|0px\u00a0\u00bb body_font=\u00a0\u00bbPoppins|600||on|||||\u00a0\u00bb global_colors_info=\u00a0\u00bb{}\u00a0\u00bb show_quantity__hover_enabled=\u00a0\u00bboff|desktop\u00a0\u00bb][\/et_pb_wc_add_to_cart][\/et_pb_column][\/et_pb_row][\/et_pb_section][et_pb_section fb_built=\u00a0\u00bb1&Prime; _builder_version=\u00a0\u00bb4.16&Prime; background_color=\u00a0\u00bbrgba(193,193,170,0.27)\u00a0\u00bb custom_margin=\u00a0\u00bb0px||0px||true|false\u00a0\u00bb custom_padding=\u00a0\u00bb||||false|false\u00a0\u00bb global_colors_info=\u00a0\u00bb{}\u00a0\u00bb][et_pb_row _builder_version=\u00a0\u00bb4.16&Prime; min_height=\u00a0\u00bb563.4px\u00a0\u00bb global_colors_info=\u00a0\u00bb{}\u00a0\u00bb][et_pb_column type=\u00a0\u00bb4_4&Prime; _builder_version=\u00a0\u00bb4.16&Prime; global_colors_info=\u00a0\u00bb{}\u00a0\u00bb][et_pb_wc_related_products admin_label=\u00a0\u00bbverwandte Produkte\u00a0\u00bb _builder_version=\u00a0\u00bb4.17.0&Prime; min_height=\u00a0\u00bb430.4px\u00a0\u00bb global_colors_info=\u00a0\u00bb{}\u00a0\u00bb][\/et_pb_wc_related_products][\/et_pb_column][\/et_pb_row][\/et_pb_section]<\/p>\n","protected":false},"excerpt":{"rendered":"<p>Chaise de camping oscillante, pliable, portable, avec porte-gobelet et dossier sur\u00e9lev\u00e9, capacit\u00e9 de charge jusqu&rsquo;\u00e0 120 kg.<\/p>\n<p>Fauteuil \u00e0 bascule ou fauteuil de camping ? Ce fauteuil de camping pliable est les deux \u00e0 la fois et vous invite \u00e0 vous d\u00e9tendre gr\u00e2ce \u00e0 sa technologie de balancement \u00e0 ressort \u00e0 gaz. Les amortisseurs dans les pieds de la chaise de camping vous permettent de vous balancer en douceur, tout en profitant du calme de la nature dans votre fauteuil de camping. Vous pouvez installer votre fauteuil de camping \u00e0 bascule sur des sols durs ou mous et il s&rsquo;accorde parfaitement avec les tables de camping en aluminium, stables et super l\u00e9g\u00e8res, qui sont parfaites comme tables d&rsquo;appoint. Si vous n&rsquo;avez pas besoin de votre fauteuil de camping relax, il se plie de mani\u00e8re compacte et se transporte facilement gr\u00e2ce \u00e0 la sangle int\u00e9gr\u00e9e.    <\/p>\n<h2>Particularit\u00e9s :<\/h2>\n<ul>\n<li>Technologie de balan\u00e7oire \u00e0 gaz<\/li>\n<li>Porte-boissons int\u00e9gr\u00e9<\/li>\n<li>\u00c9tui pour t\u00e9l\u00e9phone portable<\/li>\n<li>Sangle de transport<\/li>\n<li>insert en filet respirant dans le dossier (couleur : noir)<\/li>\n<\/ul>\n<h2>Donn\u00e9es sur les produits :<\/h2>\n<ul>\n<li>Capacit\u00e9 de charge : jusqu&rsquo;\u00e0 120 kg<\/li>\n<li>Hauteur du si\u00e8ge : 45 cm<\/li>\n<li>Poids : 5 kg<\/li>\n<li>Dimensions d&#8217;emballage : environ 112 x 16 x 18,5 cm<\/li>\n<\/ul>\n<h2>Mat\u00e9riel :<\/h2>\n<p>Tissu en nylon respirant<\/p>\n<p>\u00ab\u00a0Obtenez votre moment de camping confortable\u00a0\u00bb<\/p>\n","protected":false},"featured_media":17724,"template":"","meta":{"_et_pb_use_builder":"on","_et_pb_old_content":"Chaise de camping Campwerk Pliable, l\u00e9g\u00e8re et compacte !","_et_gb_content_width":"","om_disable_all_campaigns":false,"inline_featured_image":false},"product_brand":[],"product_cat":[718],"product_tag":[828,743],"class_list":{"0":"post-17720","1":"product","2":"type-product","3":"status-publish","4":"has-post-thumbnail","6":"product_cat-accessoires-de-camping","7":"product_tag-campwerk-chaise-de-camping","8":"product_tag-chaise-de-camping","9":"product_shipping_class-versand-campingstuehle-hoch","11":"first","12":"instock","13":"taxable","14":"shipping-taxable","15":"purchasable","16":"product-type-simple"},"_links":{"self":[{"href":"https:\/\/dachzeltmomente.ch\/fr\/wp-json\/wp\/v2\/product\/17720","targetHints":{"allow":["GET"]}}],"collection":[{"href":"https:\/\/dachzeltmomente.ch\/fr\/wp-json\/wp\/v2\/product"}],"about":[{"href":"https:\/\/dachzeltmomente.ch\/fr\/wp-json\/wp\/v2\/types\/product"}],"wp:featuredmedia":[{"embeddable":true,"href":"https:\/\/dachzeltmomente.ch\/fr\/wp-json\/wp\/v2\/media\/17724"}],"wp:attachment":[{"href":"https:\/\/dachzeltmomente.ch\/fr\/wp-json\/wp\/v2\/media?parent=17720"}],"wp:term":[{"taxonomy":"product_brand","embeddable":true,"href":"https:\/\/dachzeltmomente.ch\/fr\/wp-json\/wp\/v2\/product_brand?post=17720"},{"taxonomy":"product_cat","embeddable":true,"href":"https:\/\/dachzeltmomente.ch\/fr\/wp-json\/wp\/v2\/product_cat?post=17720"},{"taxonomy":"product_tag","embeddable":true,"href":"https:\/\/dachzeltmomente.ch\/fr\/wp-json\/wp\/v2\/product_tag?post=17720"}],"curies":[{"name":"wp","href":"https:\/\/api.w.org\/{rel}","templated":true}]}}